{"id":2916,"date":"2020-12-28T14:52:57","date_gmt":"2020-12-28T13:52:57","guid":{"rendered":"https:\/\/www.alpinsauna.com\/privacy-center\/uporaba-piskotkov\/"},"modified":"2020-12-28T15:02:40","modified_gmt":"2020-12-28T14:02:40","slug":"uporaba-piskotkov","status":"publish","type":"page","link":"https:\/\/www.alpinsauna.com\/en\/privacy-center\/uporaba-piskotkov\/","title":{"rendered":"Uporaba pi\u0161kotkov"},"content":{"rendered":"\n<p>PRAVILA ZA PI\u0160KOTKE<\/p>\n\n\n\n<p>V teh pravilih izraz \u201cpi\u0161kotki\u201d uporabljamo za pi\u0161kotke ali druge podobne tehnologije, ki jih zajema Direktiva EU o zasebnosti in elektronskih komunikacijah.<\/p>\n\n\n\n<p><em>Kaj je pi\u0161kotek?<\/em><\/p>\n\n\n\n<p>Pi\u0161kotki so majhne besedilne datoteke, ustvarjene z obiskom spletne strani in vsebujejo podatke. Shranjujejo se na uporabnikovem ra\u010dunalniku in mu omogo\u010dajo dostop do razli\u010dnih funkcij. Na na\u0161ih straneh uporabljamo tako sejne kot trajne pi\u0161kotke. Sejni pi\u0161kotek se, medtem ko uporabnik brska po strani, za\u010dasno shrani v ra\u010dunalni\u0161ki spomin. Ta pi\u0161kotek se zbri\u0161e, ko uporabnik zapre spletni brskalnik ali ko je potekel dolo\u010den \u010das (pomeni, da je seja potekla). Trajni pi\u0161kotek pa na uporabnikovem ra\u010dunalniku ostane, dokler se ne zbri\u0161e.<\/p>\n\n\n\n<p><em>Zakaj uporabljamo pi\u0161kotke?<\/em><\/p>\n\n\n\n<p>Pi\u0161kotke uporabljamo zato, da izvemo ve\u010d o na\u010dinu, kako uporabniki uporabljajo na\u0161o vsebino, pomagajo pa nam tudi izbolj\u0161ati va\u0161o izku\u0161njo, ko obi\u0161\u010dete spletno stran. Podatki se ne obdelujejo na individualni ravni.<\/p>\n\n\n\n<p><em>Funkcionalnost strani in vsebina<\/em><\/p>\n\n\n\n<p>Podatki, pridobljeni s pomo\u010djo pi\u0161kotkov na spletni strani se lahko uporabljajo za razli\u010dne namene, vklju\u010dno z naslednjimi:<\/p>\n\n\n\n<ul class=\"wp-block-list\"><li>Nujno potrebni: Ti pi\u0161kotki so bistvenega pomena, saj omogo\u010dajo, da se premikate po spletni strani in uporabljate njene mo\u017enosti, kot sta dostop do varnih predelov.<\/li><li>Zmogljivost: Ti pi\u0161kotki zbirajo informacije o tem, kako obiskovalci uporabljajo spletno stran, npr.: katere strani obiskujejo najpogosteje in ali prejemajo sporo\u010dila o napaki. Ti pi\u0161kotki se uporabljajo za izbolj\u0161anje delovanja spletne strani v prihodnjih razli\u010dicah.<\/li><li>Funkcionalnost: Ti pi\u0161kotki spletni strani omogo\u010dajo, da si zapomni va\u0161e odlo\u010ditve ter zagotavljajo bolj personalizirano uporabni\u0161ko izku\u0161njo.<\/li><li>Usmerjenost ali ogla\u0161evanje: Ti pi\u0161kotki se uporabljajo za ponujanje vsebin, ki so bolj pomembne za vas in va\u0161e interese.<\/li><\/ul>\n\n\n\n<p>Pri uporabi na\u0161ih spletne strani pa ne moremo nadzorovati ogla\u0161evalcev, katerim ogla\u0161evanje dovoljujejo ponudniki internetnih storitev (youtube,\u2026), medtem ko brskate po spletu.<\/p>\n\n\n\n<p><em>Kako zavrnem in zbri\u0161em pi\u0161kotke?<\/em><\/p>\n\n\n\n<p>Pi\u0161kotkov ne bomo uporabljali za zbiranje osebnih podatkov o uporabnikih. Kakorkoli, \u010de \u017eelite, lahko pi\u0161kotke greenbee.si ali spletne strani katerekoli tretje osebe zavrnete ali blokirate, tako da spremenite nastavitve brskalnika \u2013 za ve\u010d informacij glejte funkcijo \u201cPomo\u010d\u201d v va\u0161em brskalniku. Prosimo upo\u0161tevajte, da ve\u010dina brskalnikov samodejno sprejema pi\u0161kotke. \u010ce ne \u017eelite uporabe pi\u0161kotkov, jih boste morda zato morali aktivno zbrisati ali blokirati. Za informacije o uporabi pi\u0161kotkov v brskalnikih mobilnih telefonov in podrobnosti o tem, kako zavrniti ali zbrisati tak\u0161ne pi\u0161kotke, se prosimo obrnite na priro\u010dnik za uporabo va\u0161ega mobilnega telefona. Vedite, da boste z zavrnitvijo uporabe pi\u0161kotkov \u0161e vedno lahko obiskovali na\u0161e spletne strani, le nekatere funkcije morda ne bodo delovale pravilno.<\/p>\n\n\n\n<p><em>Google Analytics \u2013 izjava o zasebnosti<\/em><\/p>\n\n\n\n<p>Ta spletna stran uporablja Google Analytics, storitev dru\u017ebe Google Inc (\u201cGoogle\u201d). Google Analytics uporablja \u201cpi\u0161kotke\u201d, besedilne datoteke, ki so shranjene na uporabnikovem ra\u010dunalniku, da bi na spletni strani analizirati, kako uporabniki uporabljajo spletne strani. Informacije, ki jih ustvari pi\u0161kotek o uporabi te spletne strani (vklju\u010dno z IP naslovom uporabnikovega ra\u010dunalnika) bo poslan in shranjen pri Googlu na stre\u017enikih v Zdru\u017eenih dr\u017eavah Amerike. Google uporablja te podatke, da lahko oceni, kako se uporablja spletno stran, da pripravi poro\u010dila o dejavnosti za operaterje spletnih strani in za zagotavljanje drugih storitev v zvezi z dejavnostjo spletne strani in interneta. Google lahko te informacije posreduje tretjim osebam, \u010de tako zahteva zakon, ali \u010de tretje osebe obdelujejo podatke v imenu podjetja Google. Google ne bo povezal uporabnikovega IP naslova s kakr\u0161nimi koli drugimi podatki, ki jih hrani. Uporabnik lahko zavrne uporabo pi\u0161kotkov z izbiro ustreznih nastavitev na brskalniku. Vendar je potrebno upo\u0161tevati, da uporabnik morda ne bo mogel uporabljati vseh funkcij te spletne strani. Z uporabo te spletne strani uporabnik daje Google-u soglasje za obdelavo podatkov na na\u010din in za namene, kot je navedeno v tekstu.<\/p>\n\n\n\n<p><strong><em>Upravljanje s podatki<\/em><\/strong><\/p>\n\n\n\n<p>Upravljalec s podatki, zbranimi s pomo\u010djo pi\u0161kotkov, je :&nbsp;<\/p>\n\n\n\n<p>ALPIN SAUNA<\/p>\n","protected":false},"excerpt":{"rendered":"<p>PRAVILA ZA PI\u0160KOTKE V teh pravilih izraz \u201cpi\u0161kotki\u201d uporabljamo za pi\u0161kotke &#8230; <\/p>\n","protected":false},"author":1,"featured_media":0,"parent":2906,"menu_order":0,"comment_status":"closed","ping_status":"closed","template":"","meta":{"iawp_total_views":15,"footnotes":""},"class_list":["post-2916","page","type-page","status-publish","hentry"],"yoast_head":"<!-- This site is optimized with the Yoast SEO plugin v27.0 - https:\/\/yoast.com\/product\/yoast-seo-wordpress\/ -->\n<title>Uporaba pi\u0161kotkov - APLIN SAUNA<\/title>\n<meta name=\"robots\" content=\"index, follow, max-snippet:-1, max-image-preview:large, max-video-preview:-1\" \/>\n<link rel=\"canonical\" href=\"https:\/\/www.alpinsauna.com\/en\/privacy-center\/uporaba-piskotkov\/\" \/>\n<meta property=\"og:locale\" content=\"en_US\" \/>\n<meta property=\"og:type\" content=\"article\" \/>\n<meta property=\"og:title\" content=\"Uporaba pi\u0161kotkov - APLIN SAUNA\" \/>\n<meta property=\"og:description\" content=\"PRAVILA ZA PI\u0160KOTKE V teh pravilih izraz \u201cpi\u0161kotki\u201d uporabljamo za pi\u0161kotke ...\" \/>\n<meta property=\"og:url\" content=\"https:\/\/www.alpinsauna.com\/en\/privacy-center\/uporaba-piskotkov\/\" \/>\n<meta property=\"og:site_name\" content=\"APLIN SAUNA\" \/>\n<meta property=\"article:modified_time\" content=\"2020-12-28T14:02:40+00:00\" \/>\n<meta name=\"twitter:card\" content=\"summary_large_image\" \/>\n<meta name=\"twitter:label1\" content=\"Est. reading time\" \/>\n\t<meta name=\"twitter:data1\" content=\"3 minutes\" \/>\n<script type=\"application\/ld+json\" class=\"yoast-schema-graph\">{\"@context\":\"https:\/\/schema.org\",\"@graph\":[{\"@type\":\"WebPage\",\"@id\":\"https:\/\/www.alpinsauna.com\/en\/privacy-center\/uporaba-piskotkov\/\",\"url\":\"https:\/\/www.alpinsauna.com\/en\/privacy-center\/uporaba-piskotkov\/\",\"name\":\"Uporaba pi\u0161kotkov - APLIN SAUNA\",\"isPartOf\":{\"@id\":\"https:\/\/www.alpinsauna.com\/en\/#website\"},\"datePublished\":\"2020-12-28T13:52:57+00:00\",\"dateModified\":\"2020-12-28T14:02:40+00:00\",\"breadcrumb\":{\"@id\":\"https:\/\/www.alpinsauna.com\/en\/privacy-center\/uporaba-piskotkov\/#breadcrumb\"},\"inLanguage\":\"en-US\",\"potentialAction\":[{\"@type\":\"ReadAction\",\"target\":[\"https:\/\/www.alpinsauna.com\/en\/privacy-center\/uporaba-piskotkov\/\"]}]},{\"@type\":\"BreadcrumbList\",\"@id\":\"https:\/\/www.alpinsauna.com\/en\/privacy-center\/uporaba-piskotkov\/#breadcrumb\",\"itemListElement\":[{\"@type\":\"ListItem\",\"position\":1,\"name\":\"Startseite\",\"item\":\"https:\/\/www.alpinsauna.com\/en\/\"},{\"@type\":\"ListItem\",\"position\":2,\"name\":\"Privacy center\",\"item\":\"https:\/\/www.alpinsauna.com\/en\/privacy-center\/\"},{\"@type\":\"ListItem\",\"position\":3,\"name\":\"Uporaba pi\u0161kotkov\"}]},{\"@type\":\"WebSite\",\"@id\":\"https:\/\/www.alpinsauna.com\/en\/#website\",\"url\":\"https:\/\/www.alpinsauna.com\/en\/\",\"name\":\"APLIN SAUNA\",\"description\":\"Vzemi si \u010das zase!  Zunanje savne ALPIN SAUNA\",\"potentialAction\":[{\"@type\":\"SearchAction\",\"target\":{\"@type\":\"EntryPoint\",\"urlTemplate\":\"https:\/\/www.alpinsauna.com\/en\/?s={search_term_string}\"},\"query-input\":{\"@type\":\"PropertyValueSpecification\",\"valueRequired\":true,\"valueName\":\"search_term_string\"}}],\"inLanguage\":\"en-US\"}]}<\/script>\n<!-- \/ Yoast SEO plugin. -->","yoast_head_json":{"title":"Uporaba pi\u0161kotkov - APLIN SAUNA","robots":{"index":"index","follow":"follow","max-snippet":"max-snippet:-1","max-image-preview":"max-image-preview:large","max-video-preview":"max-video-preview:-1"},"canonical":"https:\/\/www.alpinsauna.com\/en\/privacy-center\/uporaba-piskotkov\/","og_locale":"en_US","og_type":"article","og_title":"Uporaba pi\u0161kotkov - APLIN SAUNA","og_description":"PRAVILA ZA PI\u0160KOTKE V teh pravilih izraz \u201cpi\u0161kotki\u201d uporabljamo za pi\u0161kotke ...","og_url":"https:\/\/www.alpinsauna.com\/en\/privacy-center\/uporaba-piskotkov\/","og_site_name":"APLIN SAUNA","article_modified_time":"2020-12-28T14:02:40+00:00","twitter_card":"summary_large_image","twitter_misc":{"Est. reading time":"3 minutes"},"schema":{"@context":"https:\/\/schema.org","@graph":[{"@type":"WebPage","@id":"https:\/\/www.alpinsauna.com\/en\/privacy-center\/uporaba-piskotkov\/","url":"https:\/\/www.alpinsauna.com\/en\/privacy-center\/uporaba-piskotkov\/","name":"Uporaba pi\u0161kotkov - APLIN SAUNA","isPartOf":{"@id":"https:\/\/www.alpinsauna.com\/en\/#website"},"datePublished":"2020-12-28T13:52:57+00:00","dateModified":"2020-12-28T14:02:40+00:00","breadcrumb":{"@id":"https:\/\/www.alpinsauna.com\/en\/privacy-center\/uporaba-piskotkov\/#breadcrumb"},"inLanguage":"en-US","potentialAction":[{"@type":"ReadAction","target":["https:\/\/www.alpinsauna.com\/en\/privacy-center\/uporaba-piskotkov\/"]}]},{"@type":"BreadcrumbList","@id":"https:\/\/www.alpinsauna.com\/en\/privacy-center\/uporaba-piskotkov\/#breadcrumb","itemListElement":[{"@type":"ListItem","position":1,"name":"Startseite","item":"https:\/\/www.alpinsauna.com\/en\/"},{"@type":"ListItem","position":2,"name":"Privacy center","item":"https:\/\/www.alpinsauna.com\/en\/privacy-center\/"},{"@type":"ListItem","position":3,"name":"Uporaba pi\u0161kotkov"}]},{"@type":"WebSite","@id":"https:\/\/www.alpinsauna.com\/en\/#website","url":"https:\/\/www.alpinsauna.com\/en\/","name":"APLIN SAUNA","description":"Vzemi si \u010das zase!  Zunanje savne ALPIN SAUNA","potentialAction":[{"@type":"SearchAction","target":{"@type":"EntryPoint","urlTemplate":"https:\/\/www.alpinsauna.com\/en\/?s={search_term_string}"},"query-input":{"@type":"PropertyValueSpecification","valueRequired":true,"valueName":"search_term_string"}}],"inLanguage":"en-US"}]}},"_links":{"self":[{"href":"https:\/\/www.alpinsauna.com\/en\/wp-json\/wp\/v2\/pages\/2916","targetHints":{"allow":["GET"]}}],"collection":[{"href":"https:\/\/www.alpinsauna.com\/en\/wp-json\/wp\/v2\/pages"}],"about":[{"href":"https:\/\/www.alpinsauna.com\/en\/wp-json\/wp\/v2\/types\/page"}],"author":[{"embeddable":true,"href":"https:\/\/www.alpinsauna.com\/en\/wp-json\/wp\/v2\/users\/1"}],"replies":[{"embeddable":true,"href":"https:\/\/www.alpinsauna.com\/en\/wp-json\/wp\/v2\/comments?post=2916"}],"version-history":[{"count":1,"href":"https:\/\/www.alpinsauna.com\/en\/wp-json\/wp\/v2\/pages\/2916\/revisions"}],"predecessor-version":[{"id":2918,"href":"https:\/\/www.alpinsauna.com\/en\/wp-json\/wp\/v2\/pages\/2916\/revisions\/2918"}],"up":[{"embeddable":true,"href":"https:\/\/www.alpinsauna.com\/en\/wp-json\/wp\/v2\/pages\/2906"}],"wp:attachment":[{"href":"https:\/\/www.alpinsauna.com\/en\/wp-json\/wp\/v2\/media?parent=2916"}],"curies":[{"name":"wp","href":"https:\/\/api.w.org\/{rel}","templated":true}]}}