{"id":2755,"date":"2020-12-06T11:59:55","date_gmt":"2020-12-06T10:59:55","guid":{"rendered":"https:\/\/www.alpinsauna.com\/?page_id=2755"},"modified":"2020-12-28T14:47:12","modified_gmt":"2020-12-28T13:47:12","slug":"politika-zasebnosti","status":"publish","type":"page","link":"https:\/\/www.alpinsauna.com\/en\/politika-zasebnosti\/","title":{"rendered":"Politika zasebnosti"},"content":{"rendered":"\n<p>Pri ALPIN SAUNA, ki upravlja to spletno stan, smo zavezani k varovanju va\u0161e zasebnosti.<\/p>\n\n\n\n<p>Namen na\u0161e Politike zasebnosti je, da vas obvestimo o varovanju zasebnosti ter o mo\u017enostih, ki so na voljo pri na\u010dinu zbiranja in uporabe podatkov na spletu.<\/p>\n\n\n\n<p>S prijavo na prejemanje novic, poslanim povpra\u0161evanjem, sklenitvijo pogodbenega razmerja, nakupom ali drugo prijavo izjavljate, da ste polnoletna oseba in da omogo\u010date podjetju Mizarstvo Petrnelj-Krzisnik, Industrijska cona TODRA\u017d, 4224 Gorenja vas , da zbira in obdeluje posredovane osebne podatke.<\/p>\n\n\n\n<p>Izklju\u010dno odgovornost za verodostojnost osebnih podatkov in kontaktnih informacij imate uporabniki sami.<\/p>\n\n\n\n<p>Posredovane osebne podatke bomo obdelovali v skladu s Splo\u0161no uredbo o varstvu osebnih podatkov in veljavnim Zakonom o varstvu osebnih podatkov.<\/p>\n\n\n\n<p><strong>Obdelava podatkov<\/strong><\/p>\n\n\n\n<p>Va\u0161e osebne podatke zbiramo le, \u010de je to nujno potrebno. Spletno mesto www.tovarna.tk lahko obi\u0161\u010dete tudi brez podajanja osebnih informacij.<\/p>\n\n\n\n<p>S prijavo na novice se strinjate, da o vas zbiramo osebne podatke, ki ste nam jih posredovali ob prijavi. Osebni podatki, ki jih zbiramo so ime, priimek in elektronski naslov, v nekaterih primerih lahko tudi samo elektronski naslov.<\/p>\n\n\n\n<p>\u010ce \u017eelite sklenitev in izvajanje pogodbe za pomo\u010d pri iskanju izvajalcev ali predstavitev na portalu, prenesti vsebino predstavitvenega gradiva, izvesti nakup v trgovini, sodelovati v nagradnih igrah ali se prijaviti na seminar, vas bomo odvisno od namena prosili za ime, priimek, elektronski naslov, telefonsko \u0161tevilko, naslov bivanja in druge podatke, ki jih prostovoljno vnesete v obrazce. Osebne podatke potrebujemo, da vam la\u017eje podamo odgovor oz. ponudbo na va\u0161e povpra\u0161evanje oz. za izvedbo naro\u010dene storitve.<\/p>\n\n\n\n<p>Z uporabo pi\u0161kotkov se strinjate, da se jih uporabi za namene analize poti uporabnika na spletni strani: od kod je uporabnik prispel na spletno mesto (vir prometa), za spremljanje zadr\u017eevanja na spletni strani, katere spletne strani je obiskoval, katere vsebine je prenesel oziroma si jih ogledal.<\/p>\n\n\n\n<p>Upravljavec bo razen zgoraj navedenih podatkov izklju\u010dno za potrebe dokazovanja osebne privolitve lahko zbiral podatek o naslovu spletne strani, na kateri je bila dana privolitev ter IP naslov posameznika, ko je dal privolitev in \u010das privolitve, ipd. Za namene spremljanja odjav in omejitev obdelave bo zbiral datum odjave oziroma omejitve obdelave ter elektronska sporo\u010dila s katerimi smo bili obve\u0161\u010deni o odjavi, spremembi podatkov ipd.<\/p>\n\n\n\n<p><strong>Namen in uporaba podatkov<\/strong><\/p>\n\n\n\n<p>Osebne podatke zbiramo v skladu z namenom, za katerega ste nam jih posredovali in jih uporabljamo izklju\u010dno za namen, zaradi katerega ste nam podatke posredovali.<\/p>\n\n\n\n<p>Posredovanih osebnih podatkov ne bomo uporabili za drug namen.<\/p>\n\n\n\n<p><strong>Pravna podlaga<\/strong><\/p>\n\n\n\n<p>Osebne podatke zbiramo na podlagi va\u0161ega soglasja oziroma na podlagi pogodbe.<\/p>\n\n\n\n<p><strong>Shranjevanje podatkov<\/strong><\/p>\n\n\n\n<p>Osebne podatke, ki ste nam jih posredovali ob prijavi na novice, hranimo tako dolgo, dokler ne bomo prejeli zahteve za odjavo, ki samodejno pomeni preklic privolitve. Po prejemu zahteve za odjavo ne bomo ve\u010d uporabljali zbranih osebnih podatkov za po\u0161iljanje elektronskih novic oziroma vabil na dogodke. Po odjavi oziroma preklicu privolitve ali po poteku pogodbenega razmerja bodo podatki lahko ostali shranjeni v zbirki upravljavca \u0161e pet let.<\/p>\n\n\n\n<p>Soglasje za obdelavo osebnih podatkov lahko kadarkoli prekli\u010dete. Preklic privolitve ne vpliva na zakonitost obdelave podatkov pred preklicem.<\/p>\n\n\n\n<p>Vse druge osebne podatke v okviru pogodbenega sodelovanja hranimo v skladu s trenutno veljavno zakonodajo in v okviru zastaralnih rokov.<\/p>\n\n\n\n<p><strong>Posredovanje osebnih podatkov<\/strong><\/p>\n\n\n\n<p>Osebnih podatkov ne bomo posredovali tretjim osebam, razen izbranim pogodbenim partnerjem, katere prav tako zavezuje Splo\u0161na uredba o varstvu osebnih podatkov in jih ne bomo javno razkrili, razen v primerih izrecnega soglasja ali pogodbe. Osebnih podatkov ne bomo posredovali v tretjo dr\u017eavo.<\/p>\n\n\n\n<p><strong>Va\u0161e pravice<\/strong><\/p>\n\n\n\n<p>V skladu s Splo\u0161no uredbo o varstvu osebnih podatkov in veljavno zakonodajo imate pravico do preklica privolitve, pravico do dostopa do podatkov, ki se nana\u0161ajo na vas, pravico do popravka neto\u010dnih podatkov, pravico do omejitve obdelave, pravico do pozabe oz. izbrisa vseh podatkov, pravico do vlo\u017eitve prito\u017ebe pri nadzornem organu ter pravico do prenosljivosti podatkov.<\/p>\n\n\n\n<p>Katero koli pravico lahko kadarkoli pisno uveljavljate. Pri tem navedite va\u0161e ime, priimek ter elektronski naslov. Zahtevo lahko po\u0161ljete po po\u0161ti na naslov: Mizarstvo Petrnelj-Krzisnik Industrijska cona TODRA\u017d 4224 Gorenja vas. Prito\u017ebo nadzornemu organu sporo\u010dite na veljavni kontakt informacijskega poobla\u0161\u010denca. Preklic privolitve lahko po\u0161ljete tudi na kontakt s katerega ste prejeli na\u0161e sporo\u010dilo oziroma s klikom na ponujeno povezavo.<\/p>\n\n\n\n<p>Na va\u0161o zahtevo, s katero uveljavljate svoje pravice v zvezi z navedenimi osebnimi podatki, moramo odgovoriti brez nepotrebnega odla\u0161anja in najpozneje v enem mesecu od prejema zahteve.<\/p>\n\n\n\n<p>Za potrebe zanesljive identifikacije v primeru uveljavljanja pravic v zvezi z osebnimi podatki od vas lahko zahtevamo dodatne podatke, ukrepanje pa lahko zavrnemo le v primeru, da doka\u017eemo, da vas ne moremo zanesljivo identificirati.<\/p>\n\n\n\n<p>Ta izjava o zasebnosti se lahko kadarkoli spremeni ali dopolni, brez predhodnega opozorila ali obvestila. Z uporabo spletnih strani ponudnika po spremembi ali dopolnitvi posameznik potrjuje, da je seznanjen in sogla\u0161a s spremembami in dopolnitvami.<\/p>\n\n\n\n<p>Gorenja vas, 28.12.2020<\/p>\n","protected":false},"excerpt":{"rendered":"<p>Pri ALPIN SAUNA, ki upravlja to spletno stan, smo zavezani k &#8230; <\/p>\n","protected":false},"author":1,"featured_media":0,"parent":0,"menu_order":0,"comment_status":"closed","ping_status":"open","template":"","meta":{"iawp_total_views":12,"footnotes":""},"class_list":["post-2755","page","type-page","status-publish","hentry"],"yoast_head":"<!-- This site is optimized with the Yoast SEO plugin v27.0 - https:\/\/yoast.com\/product\/yoast-seo-wordpress\/ -->\n<title>Politika zasebnosti - APLIN SAUNA<\/title>\n<meta name=\"robots\" content=\"index, follow, max-snippet:-1, max-image-preview:large, max-video-preview:-1\" \/>\n<link rel=\"canonical\" href=\"https:\/\/www.alpinsauna.com\/en\/politika-zasebnosti\/\" \/>\n<meta property=\"og:locale\" content=\"en_US\" \/>\n<meta property=\"og:type\" content=\"article\" \/>\n<meta property=\"og:title\" content=\"Politika zasebnosti - APLIN SAUNA\" \/>\n<meta property=\"og:description\" content=\"Pri ALPIN SAUNA, ki upravlja to spletno stan, smo zavezani k ...\" \/>\n<meta property=\"og:url\" content=\"https:\/\/www.alpinsauna.com\/en\/politika-zasebnosti\/\" \/>\n<meta property=\"og:site_name\" content=\"APLIN SAUNA\" \/>\n<meta property=\"article:modified_time\" content=\"2020-12-28T13:47:12+00:00\" \/>\n<meta name=\"twitter:card\" content=\"summary_large_image\" \/>\n<meta name=\"twitter:label1\" content=\"Est. reading time\" \/>\n\t<meta name=\"twitter:data1\" content=\"4 minutes\" \/>\n<script type=\"application\/ld+json\" class=\"yoast-schema-graph\">{\"@context\":\"https:\/\/schema.org\",\"@graph\":[{\"@type\":\"WebPage\",\"@id\":\"https:\/\/www.alpinsauna.com\/en\/politika-zasebnosti\/\",\"url\":\"https:\/\/www.alpinsauna.com\/en\/politika-zasebnosti\/\",\"name\":\"Politika zasebnosti - APLIN SAUNA\",\"isPartOf\":{\"@id\":\"https:\/\/www.alpinsauna.com\/en\/#website\"},\"datePublished\":\"2020-12-06T10:59:55+00:00\",\"dateModified\":\"2020-12-28T13:47:12+00:00\",\"breadcrumb\":{\"@id\":\"https:\/\/www.alpinsauna.com\/en\/politika-zasebnosti\/#breadcrumb\"},\"inLanguage\":\"en-US\",\"potentialAction\":[{\"@type\":\"ReadAction\",\"target\":[\"https:\/\/www.alpinsauna.com\/en\/politika-zasebnosti\/\"]}]},{\"@type\":\"BreadcrumbList\",\"@id\":\"https:\/\/www.alpinsauna.com\/en\/politika-zasebnosti\/#breadcrumb\",\"itemListElement\":[{\"@type\":\"ListItem\",\"position\":1,\"name\":\"Startseite\",\"item\":\"https:\/\/www.alpinsauna.com\/en\/\"},{\"@type\":\"ListItem\",\"position\":2,\"name\":\"Politika zasebnosti\"}]},{\"@type\":\"WebSite\",\"@id\":\"https:\/\/www.alpinsauna.com\/en\/#website\",\"url\":\"https:\/\/www.alpinsauna.com\/en\/\",\"name\":\"APLIN SAUNA\",\"description\":\"Vzemi si \u010das zase!  Zunanje savne ALPIN SAUNA\",\"potentialAction\":[{\"@type\":\"SearchAction\",\"target\":{\"@type\":\"EntryPoint\",\"urlTemplate\":\"https:\/\/www.alpinsauna.com\/en\/?s={search_term_string}\"},\"query-input\":{\"@type\":\"PropertyValueSpecification\",\"valueRequired\":true,\"valueName\":\"search_term_string\"}}],\"inLanguage\":\"en-US\"}]}<\/script>\n<!-- \/ Yoast SEO plugin. -->","yoast_head_json":{"title":"Politika zasebnosti - APLIN SAUNA","robots":{"index":"index","follow":"follow","max-snippet":"max-snippet:-1","max-image-preview":"max-image-preview:large","max-video-preview":"max-video-preview:-1"},"canonical":"https:\/\/www.alpinsauna.com\/en\/politika-zasebnosti\/","og_locale":"en_US","og_type":"article","og_title":"Politika zasebnosti - APLIN SAUNA","og_description":"Pri ALPIN SAUNA, ki upravlja to spletno stan, smo zavezani k ...","og_url":"https:\/\/www.alpinsauna.com\/en\/politika-zasebnosti\/","og_site_name":"APLIN SAUNA","article_modified_time":"2020-12-28T13:47:12+00:00","twitter_card":"summary_large_image","twitter_misc":{"Est. reading time":"4 minutes"},"schema":{"@context":"https:\/\/schema.org","@graph":[{"@type":"WebPage","@id":"https:\/\/www.alpinsauna.com\/en\/politika-zasebnosti\/","url":"https:\/\/www.alpinsauna.com\/en\/politika-zasebnosti\/","name":"Politika zasebnosti - APLIN SAUNA","isPartOf":{"@id":"https:\/\/www.alpinsauna.com\/en\/#website"},"datePublished":"2020-12-06T10:59:55+00:00","dateModified":"2020-12-28T13:47:12+00:00","breadcrumb":{"@id":"https:\/\/www.alpinsauna.com\/en\/politika-zasebnosti\/#breadcrumb"},"inLanguage":"en-US","potentialAction":[{"@type":"ReadAction","target":["https:\/\/www.alpinsauna.com\/en\/politika-zasebnosti\/"]}]},{"@type":"BreadcrumbList","@id":"https:\/\/www.alpinsauna.com\/en\/politika-zasebnosti\/#breadcrumb","itemListElement":[{"@type":"ListItem","position":1,"name":"Startseite","item":"https:\/\/www.alpinsauna.com\/en\/"},{"@type":"ListItem","position":2,"name":"Politika zasebnosti"}]},{"@type":"WebSite","@id":"https:\/\/www.alpinsauna.com\/en\/#website","url":"https:\/\/www.alpinsauna.com\/en\/","name":"APLIN SAUNA","description":"Vzemi si \u010das zase!  Zunanje savne ALPIN SAUNA","potentialAction":[{"@type":"SearchAction","target":{"@type":"EntryPoint","urlTemplate":"https:\/\/www.alpinsauna.com\/en\/?s={search_term_string}"},"query-input":{"@type":"PropertyValueSpecification","valueRequired":true,"valueName":"search_term_string"}}],"inLanguage":"en-US"}]}},"_links":{"self":[{"href":"https:\/\/www.alpinsauna.com\/en\/wp-json\/wp\/v2\/pages\/2755","targetHints":{"allow":["GET"]}}],"collection":[{"href":"https:\/\/www.alpinsauna.com\/en\/wp-json\/wp\/v2\/pages"}],"about":[{"href":"https:\/\/www.alpinsauna.com\/en\/wp-json\/wp\/v2\/types\/page"}],"author":[{"embeddable":true,"href":"https:\/\/www.alpinsauna.com\/en\/wp-json\/wp\/v2\/users\/1"}],"replies":[{"embeddable":true,"href":"https:\/\/www.alpinsauna.com\/en\/wp-json\/wp\/v2\/comments?post=2755"}],"version-history":[{"count":2,"href":"https:\/\/www.alpinsauna.com\/en\/wp-json\/wp\/v2\/pages\/2755\/revisions"}],"predecessor-version":[{"id":2888,"href":"https:\/\/www.alpinsauna.com\/en\/wp-json\/wp\/v2\/pages\/2755\/revisions\/2888"}],"wp:attachment":[{"href":"https:\/\/www.alpinsauna.com\/en\/wp-json\/wp\/v2\/media?parent=2755"}],"curies":[{"name":"wp","href":"https:\/\/api.w.org\/{rel}","templated":true}]}}